{"id":158,"date":"2017-05-15T18:43:53","date_gmt":"2017-05-15T18:43:53","guid":{"rendered":"http:\/\/www.thaisweiller.com\/fun\/?page_id=158"},"modified":"2023-03-02T12:12:42","modified_gmt":"2023-03-02T15:12:42","slug":"writing","status":"publish","type":"page","link":"https:\/\/thaisweiller.com\/fun\/writing\/","title":{"rendered":"Writing"},"content":{"rendered":"\n<p class=\"wp-block-paragraph\">The act of transforming trails of thoughts and clouds of feelings in rigid lines of words has always enchanted me. Though writing is not my trade, it is one of my favorite activities. I try to write ever so often, generally on things I have learned through my job but sometimes about life in general.<\/p>\n\n\n\n<div class=\"wp-block-columns is-layout-flex wp-container-core-columns-is-layout-8f761849 wp-block-columns-is-layout-flex\">\n<div class=\"wp-block-column is-layout-flow wp-block-column-is-layout-flow\"><\/div>\n\n\n\n<div class=\"wp-block-column is-layout-flow wp-block-column-is-layout-flow\">\n<h4 class=\"wp-block-heading\">Selected writings<\/h4>\n\n\n\n<p class=\"wp-block-paragraph\"><a href=\"https:\/\/medium.com\/@thaisweiller\/games-are-not-art-9a7e540e4bf1\">games are not art.<\/a><\/p>\n\n\n\n<p class=\"wp-block-paragraph\"><a href=\"https:\/\/medium.com\/@thaisweiller\/designing-anguish-3ce29523e0ee\">Designing Anguish &#8211; A personal journey on developing games about mental states<\/a><\/p>\n\n\n\n<p class=\"wp-block-paragraph\"><a href=\"https:\/\/medium.com\/@thaisweiller\/rococo-vr-how-your-whole-design-process-can-be-fuelled-by-art-history-curiosity-7933a7790e6d\">Rococo VR: how your whole design process can be fuelled by art history curiosity<\/a><\/p>\n\n\n\n<p class=\"wp-block-paragraph\"><a href=\"http:\/\/www.gamasutra.com\/blogs\/ThaisWeiller\/20160711\/276788\/So_much_to_tell_so_little_time_Contextual_Storytelling_and_Odallus.php\">So much to tell, so little time: Contextual Storytelling and Odallus<\/a><\/p>\n\n\n\n<p class=\"wp-block-paragraph\"><\/p>\n<\/div>\n<\/div>\n\n\n\n<div class=\"wp-block-columns is-layout-flex wp-container-core-columns-is-layout-8f761849 wp-block-columns-is-layout-flex\">\n<div class=\"wp-block-column is-layout-flow wp-block-column-is-layout-flow\">\n<h4 class=\"wp-block-heading\">Escritas selecionadas<\/h4>\n\n\n\n<p class=\"wp-block-paragraph\"><a href=\"https:\/\/medium.com\/game-start\/o-design-da-ang%C3%BAstia-23c3a53d1ea4\">O Design da Ang\u00fastia<\/a><\/p>\n\n\n\n<p class=\"wp-block-paragraph\"><a href=\"http:\/\/www.gamesfoda.net\/2015\/05\/quale-a-desse-tal-de-feminismo\/\">Qual\u00e9 a desse tal de\u2026 Feminismo?<\/a><\/p>\n\n\n\n<p class=\"wp-block-paragraph\"><a href=\"https:\/\/medium.com\/@thaisweiller\/o-qu%C3%AA-que-voc%C3%AA-est%C3%A1-fazendo-com-a-sua-vida-8b526df83339\">O qu\u00ea que voc\u00ea est\u00e1 fazendo com a sua vida?<\/a><\/p>\n\n\n\n<p class=\"wp-block-paragraph\"><a href=\"https:\/\/medium.com\/game-start\/gdd-quando-onde-e-como-81db58f86e04\">GDD: quando, onde e como<\/a><\/p>\n\n\n\n<p class=\"wp-block-paragraph\"><a href=\"https:\/\/www.redbull.com\/br-pt\/feminismo-industria-brasileira-games\">N\u00e3o \u00e9 f\u00e1cil ser mulher na ind\u00fastria de games<\/a><\/p>\n<\/div>\n\n\n\n<div class=\"wp-block-column is-layout-flow wp-block-column-is-layout-flow\"><\/div>\n<\/div>\n\n\n\n<h2 align=center>Books &amp; Journals<\/h2>\n\n\n\n<h4 class=\"wp-block-heading\">Game Start<\/h4>\n\n\n\n<p class=\"wp-block-paragraph\">My master degree dissertation was condensed into a game design basics ebook. It is in portuguese and can be downloaded for free by submitting your email <a href=\"http:\/\/www.tinyletter.com\/thaissa\">here<\/a>. Game Start is under a Creative Commons license so feel free to use it for any fair use situation, including translations. This book proposes a framework to understand and discuss games, indenpendently if they are fun machines or tear jerkers.<\/p>\n\n\n\n<p class=\"wp-block-paragraph\">Together with Game Start release, I decided to start a blog with the same name. The idea is to write short articles about specific topics of game development when I felt like it or when a topic got my attention. It is aimed to the Portuguese speaking game development community and you can check it on <a href=\"https:\/\/medium.com\/game-start\">Medium<\/a> and <a href=\"http:\/\/gamestartlivro.net\/\">Tumblr<\/a>.<\/p>\n\n\n\n<h4 class=\"wp-block-heading\">Pense Pequeno<\/h4>\n\n\n\n<p class=\"wp-block-paragraph\">Pense Pequeno, or Think Small, is a series of texts on how to keep the focus on the game during development. Making games is a very hard, demanding and yet a lot of fun! But is easy to lose what is important when you are in the middle of the creative turmoil. Pense Pequeno is here to help! It is in portuguese and can be downloaded for free by submitting your email <a href=\"http:\/\/www.tinyletter.com\/thaissa\">here<\/a>.<\/p>\n\n\n\n<h4 class=\"wp-block-heading\">Como entender e fazer Game Design<\/h4>\n\n\n\n<p class=\"wp-block-paragraph\">After teaching Game Design in the undergrad Digital Games degree at PUCPR for more than five years (and for I don&#8217;t know how many more in other courses of different durations\u2026), I wrote this book to accompany the subject and serve as reference for students. It presents an introduction to the theme, which are the four components of game design and the relationship between them and some essential concepts for the area.<\/p>\n\n\n\n<figure class=\"wp-block-gallery has-nested-images columns-default is-cropped wp-block-gallery-1 is-layout-flex wp-block-gallery-is-layout-flex\">\n<figure class=\"wp-block-image size-large\"><a href=\"https:\/\/thaisweiller.com\/fun\/wp-content\/uploads\/2017\/05\/cover_long.jpg\"><img loading=\"lazy\" decoding=\"async\" width=\"592\" height=\"1004\" data-id=\"162\" src=\"https:\/\/thaisweiller.com\/fun\/wp-content\/uploads\/2017\/05\/cover_long.jpg\" alt=\"\" class=\"wp-image-162\" srcset=\"https:\/\/thaisweiller.com\/fun\/wp-content\/uploads\/2017\/05\/cover_long.jpg 592w, https:\/\/thaisweiller.com\/fun\/wp-content\/uploads\/2017\/05\/cover_long-177x300.jpg 177w\" sizes=\"auto, (max-width: 592px) 100vw, 592px\" \/><\/a><\/figure>\n\n\n\n<figure class=\"wp-block-image size-large\"><a href=\"https:\/\/thaisweiller.com\/fun\/wp-content\/uploads\/2017\/05\/pense_pequeno.jpg\"><img decoding=\"async\" data-id=\"340\" src=\"https:\/\/thaisweiller.com\/fun\/wp-content\/uploads\/2017\/05\/pense_pequeno.jpg\" alt=\"\" class=\"wp-image-340\"\/><\/a><\/figure>\n\n\n\n<figure class=\"wp-block-image size-large\"><a href=\"https:\/\/thaisweiller.com\/fun\/wp-content\/uploads\/2023\/03\/como_entender_e_fazer_game_design_menor.jpg\"><img loading=\"lazy\" decoding=\"async\" width=\"642\" height=\"1024\" data-id=\"1830\" src=\"https:\/\/thaisweiller.com\/fun\/wp-content\/uploads\/2023\/03\/como_entender_e_fazer_game_design_menor-642x1024.jpg\" alt=\"\" class=\"wp-image-1830\" srcset=\"https:\/\/thaisweiller.com\/fun\/wp-content\/uploads\/2023\/03\/como_entender_e_fazer_game_design_menor-642x1024.jpg 642w, https:\/\/thaisweiller.com\/fun\/wp-content\/uploads\/2023\/03\/como_entender_e_fazer_game_design_menor-188x300.jpg 188w, https:\/\/thaisweiller.com\/fun\/wp-content\/uploads\/2023\/03\/como_entender_e_fazer_game_design_menor.jpg 705w\" sizes=\"auto, (max-width: 642px) 100vw, 642px\" \/><\/a><\/figure>\n<\/figure>\n\n\n\n<h2 align=center>Livros &amp; mais<\/h2>\n\n\n\n<p class=\"wp-block-paragraph\">Todos os livros est\u00e3o dispon\u00edveis no <a href=\"https:\/\/play.google.com\/store\/books\/author?id=Thais%20Weiller\">Google Play<\/a>, App Store e <a href=\"https:\/\/www.amazon.com.br\/s?i=digital-text&amp;rh=p_27%3AThais+Weiller&amp;s=relevancerank&amp;text=Thais+Weiller&amp;ref=dp_byline_sr_ebooks_1\">Amazon<\/a> e s\u00e3o gratuitos em todas as lojas que permitem essa op\u00e7\u00e3o. Se na sua loja favorita ele n\u00e3o est\u00e1, se inscreva na mailing list abaixo para receber uma c\u00f3pia gr\u00e1tis!<\/p>\n\n\n\n<h4 class=\"wp-block-heading\">Game Start<\/h4>\n\n\n\n<p class=\"wp-block-paragraph\">Eu lancei o Game Start como um e-book gr\u00e1tis em 2016, mas o grosso do texto nele vem da minha disserta\u00e7\u00e3o de mestrado de 2012. Muito do conte\u00fado foi atualizado e novos exemplos foram colocados. Esse livro \u00e9 uma proposta de framework para entender jogos, seja como aparatos de divers\u00e3o ou experi\u00eancias emocionais. Para baixar Game Start e o Pense Pequeno, coloque seu email no campo no fim da p\u00e1gina.<\/p>\n\n\n\n<p class=\"wp-block-paragraph\">Junto com o lan\u00e7amento do Game Start, eu comecei um blog com o mesmo nome. A id\u00e9ia \u00e9 escrever artigos curtos sobre t\u00f3picos em desenvolvimento de jogos. Uma comunidade bem interessante se formou ao redor dele e n\u00e3o me falta id\u00e9ias de textos com esse pessoal. O Game Start est\u00e1 no <a href=\"https:\/\/medium.com\/game-start\">Medium<\/a> e no <a href=\"http:\/\/gamestartlivro.net\/\">Tumblr<\/a>.<\/p>\n\n\n\n<h4 class=\"wp-block-heading\">Pense Pequeno<\/h4>\n\n\n\n<p class=\"wp-block-paragraph\">O Pense Pequeno come\u00e7ou como uma s\u00e9rie de textos no Game Start e acabou virando um conjunto t\u00e3o interessante que eu resolvi formatar em um livro. Fazer jogos \u00e9 dificil e confuso e tamb\u00e9m incr\u00edvel. Mas quando estamos no meio desse furac\u00e3o de criatividade e trabalho, \u00e9 muito f\u00e1cil perder o foco, o motivo pelo qual esse jogo que voc\u00eas est\u00e1 fazendo existe. O Pense Pequeno existe para te ajudar nisso, para colocar sua aten\u00e7\u00e3o onde ela \u00e9 mais necess\u00e1ria em cada momento do desenvolvimento. Para baixar o Pense Pequeno e o Game Start, coloque seu email no campo no fim da p\u00e1gina.<\/p>\n\n\n\n<h4 class=\"wp-block-heading\">Como entender e fazer Game Design<\/h4>\n\n\n\n<p class=\"wp-block-paragraph\">Depois de lecionar a mat\u00e9ria de Game Design no curso de gradua\u00e7\u00e3o em Jogos Digitais da PUCPR por mais de cinco anos (e por n\u00e3o sei quantos mais em outros cursos de diferentes dura\u00e7\u00f5es&#8230;), eu escrevi esse livro para acompanhar a mat\u00e9ria e servir de refer\u00eancia para os alunos. Ele apresenta uma introdu\u00e7\u00e3o ao tema, quais os quatro componentes do game design e a rela\u00e7\u00e3o entre eles e alguns conceitos essenciais para \u00e1rea.<\/p>\n\n\n\n<form style=\"border:1px solid #ccc;padding:3px;text-align:center;\" action=\"https:\/\/tinyletter.com\/thaissa\" method=\"post\" target=\"popupwindow\" onsubmit=\"window.open('https:\/\/tinyletter.com\/thaissa', 'popupwindow', 'scrollbars=yes,width=800,height=600');return true\"><h4><label for=\"tlemail\">coloca seu emailzinho aqui:<\/label><\/h4><center><input type=\"text\" style=\"width:340px\" name=\"email\" id=\"tlemail\" \/><\/center><p>\n\t <\/p><input type=\"hidden\" value=\"1\" name=\"embed\"\/><input type=\"submit\" value=\"Me inscrever\" \/><p>\n\t <\/p><\/form>\n","protected":false},"excerpt":{"rendered":"<p>The act of transforming trails of thoughts and clouds of feelings in rigid lines of words has always enchanted me. Though writing is not my trade, it is one of my favorite activities. I try to write ever so often, generally on things I have learned through my job but sometimes about life in general. &hellip; <\/p>\n<p class=\"link-more\"><a href=\"https:\/\/thaisweiller.com\/fun\/writing\/\" class=\"more-link\">Continue reading<span class=\"screen-reader-text\"> &#8220;Writing&#8221;<\/span><\/a><\/p>\n","protected":false},"author":1,"featured_media":0,"parent":0,"menu_order":0,"comment_status":"closed","ping_status":"closed","template":"","meta":{"_crdt_document":"","footnotes":""},"class_list":["post-158","page","type-page","status-publish","hentry"],"_links":{"self":[{"href":"https:\/\/thaisweiller.com\/fun\/wp-json\/wp\/v2\/pages\/158","targetHints":{"allow":["GET"]}}],"collection":[{"href":"https:\/\/thaisweiller.com\/fun\/wp-json\/wp\/v2\/pages"}],"about":[{"href":"https:\/\/thaisweiller.com\/fun\/wp-json\/wp\/v2\/types\/page"}],"author":[{"embeddable":true,"href":"https:\/\/thaisweiller.com\/fun\/wp-json\/wp\/v2\/users\/1"}],"replies":[{"embeddable":true,"href":"https:\/\/thaisweiller.com\/fun\/wp-json\/wp\/v2\/comments?post=158"}],"version-history":[{"count":13,"href":"https:\/\/thaisweiller.com\/fun\/wp-json\/wp\/v2\/pages\/158\/revisions"}],"predecessor-version":[{"id":1831,"href":"https:\/\/thaisweiller.com\/fun\/wp-json\/wp\/v2\/pages\/158\/revisions\/1831"}],"wp:attachment":[{"href":"https:\/\/thaisweiller.com\/fun\/wp-json\/wp\/v2\/media?parent=158"}],"curies":[{"name":"wp","href":"https:\/\/api.w.org\/{rel}","templated":true}]}}