{"id":2,"date":"2011-08-01T16:36:16","date_gmt":"2011-08-01T16:36:16","guid":{"rendered":"http:\/\/www.thaisweiller.com\/fun\/?page_id=2"},"modified":"2023-03-01T15:43:43","modified_gmt":"2023-03-01T18:43:43","slug":"home","status":"publish","type":"page","link":"https:\/\/thaisweiller.com\/fun\/","title":{"rendered":"Who is Thais?"},"content":{"rendered":"\n<p class=\"wp-block-paragraph\">I&#8217;m a game designer and my goal is to create experiences that put players in situations uncomfortable enough to make they may change their outlook. I&#8217;m a writer aiming to demystify game developing process and sensibilize people to issues beyond themselves. I&#8217;m a public speaker eager to share on the topics I&#8217;m passionate about. I&#8217;m a consultant fighting to make games, processes and teams better. I&#8217;m a professor committed to make my students the best possible version of themselves. I&#8217;m Thais, nice to meet you.<\/p>\n\n\n\n<hr class=\"wp-block-separator has-alpha-channel-opacity\"\/>\n\n\n\n<p class=\"wp-block-paragraph\">Sou uma game designer cujo objetivo \u00e9 criar experi\u00eancias que coloquem o jogador em situa\u00e7\u00f5es desconfort\u00e1veis o suficiente para mudar seus pressupostos. &nbsp;Sou uma escritora que procura desmistificar o processo de desenvolvimento de jogos e sensibilizar pessoas para problemas al\u00e9m delas mesmas. Sou uma palestrante que almeja dividir sobre os t\u00f3picos pelos quais sou apaixonada por. Sou uma consultora que luta para fazer jogos, processos e equipes melhores. Sou uma professora empenhada em fazer de meus alunos a melhor vers\u00e3o poss\u00edvel deles mesmos. Sou Thais, prazer.<\/p>\n","protected":false},"excerpt":{"rendered":"<p>I&#8217;m a game designer and my goal is to create experiences that put players in situations uncomfortable enough to make they may change their outlook. I&#8217;m a writer aiming to demystify game developing process and sensibilize people to issues beyond themselves. I&#8217;m a public speaker eager to share on the topics I&#8217;m passionate about. I&#8217;m &hellip; <\/p>\n<p class=\"link-more\"><a href=\"https:\/\/thaisweiller.com\/fun\/\" class=\"more-link\">Continue reading<span class=\"screen-reader-text\"> &#8220;Who is Thais?&#8221;<\/span><\/a><\/p>\n","protected":false},"author":1,"featured_media":0,"parent":0,"menu_order":0,"comment_status":"open","ping_status":"open","template":"","meta":{"_crdt_document":"","footnotes":""},"class_list":["post-2","page","type-page","status-publish","hentry"],"_links":{"self":[{"href":"https:\/\/thaisweiller.com\/fun\/wp-json\/wp\/v2\/pages\/2","targetHints":{"allow":["GET"]}}],"collection":[{"href":"https:\/\/thaisweiller.com\/fun\/wp-json\/wp\/v2\/pages"}],"about":[{"href":"https:\/\/thaisweiller.com\/fun\/wp-json\/wp\/v2\/types\/page"}],"author":[{"embeddable":true,"href":"https:\/\/thaisweiller.com\/fun\/wp-json\/wp\/v2\/users\/1"}],"replies":[{"embeddable":true,"href":"https:\/\/thaisweiller.com\/fun\/wp-json\/wp\/v2\/comments?post=2"}],"version-history":[{"count":11,"href":"https:\/\/thaisweiller.com\/fun\/wp-json\/wp\/v2\/pages\/2\/revisions"}],"predecessor-version":[{"id":1825,"href":"https:\/\/thaisweiller.com\/fun\/wp-json\/wp\/v2\/pages\/2\/revisions\/1825"}],"wp:attachment":[{"href":"https:\/\/thaisweiller.com\/fun\/wp-json\/wp\/v2\/media?parent=2"}],"curies":[{"name":"wp","href":"https:\/\/api.w.org\/{rel}","templated":true}]}}