{"id":283,"date":"2017-08-22T16:21:39","date_gmt":"2017-08-22T19:21:39","guid":{"rendered":"http:\/\/www.thaisweiller.com\/?page_id=283"},"modified":"2025-10-06T09:03:08","modified_gmt":"2025-10-06T12:03:08","slug":"bio","status":"publish","type":"page","link":"https:\/\/thaisweiller.com\/fun\/bio\/","title":{"rendered":"Bio &#038; Photos"},"content":{"rendered":"\n<h3 class=\"wp-block-heading\">Short<\/h3>\n\n\n\n<div class=\"wp-block-columns is-layout-flex wp-container-core-columns-is-layout-8f761849 wp-block-columns-is-layout-flex\">\n<div class=\"wp-block-column is-layout-flow wp-block-column-is-layout-flow\">\n<blockquote class=\"wp-block-quote is-layout-flow wp-block-quote-is-layout-flow\">\n<p class=\"wp-block-paragraph\"><\/p>\n<\/blockquote>\n<\/div>\n\n\n\n<div class=\"wp-block-column is-layout-flow wp-block-column-is-layout-flow\">\n<p class=\"wp-block-paragraph\">Thais co-founded <a href=\"http:\/\/joymasher.com\">JoyMasher<\/a> along with Danilo Dias, worked on <a href=\"http:\/\/store.steampowered.com\/app\/319480\/Odallus_The_Dark_Call\/\">Odallus,<\/a> <a href=\"https:\/\/thaisa.itch.io\/rainy-day\">Rainy Day<\/a>, <a href=\"https:\/\/www.games.thaisweiller.com\/vengeful-guardian-moonrider\/\">Vengeful Guardian: Moonrider<\/a>, and <a href=\"https:\/\/www.games.thaisweiller.com\/\">many more<\/a> and holds a M.Sc. degree on Game Design from Universidade de S\u00e3o Paulo. She teaches Game Design at PUCPR, is a PhD researcher at Tampere University and tries to make games that matter. <a href=\"https:\/\/bsky.app\/profile\/thaisweiller.bsky.social\">This is her blue sky.<\/a><\/p>\n<\/div>\n<\/div>\n\n\n\n<div class=\"wp-block-columns is-layout-flex wp-container-core-columns-is-layout-8f761849 wp-block-columns-is-layout-flex\">\n<div class=\"wp-block-column is-layout-flow wp-block-column-is-layout-flow\">\n<p class=\"wp-block-paragraph\">Thais Weiller \u00e9 mestre pela ECA-USP pesquisando game design. Ela trabalhou em games como em <a href=\"http:\/\/store.steampowered.com\/app\/319480\/Odallus_The_Dark_Call\/\">Odallus,<\/a> <a href=\"https:\/\/thaisa.itch.io\/rainy-day\">Rainy Day<\/a>, <a href=\"https:\/\/www.games.thaisweiller.com\/vengeful-guardian-moonrider\/\">Vengeful Guardian: Moonrider<\/a>, e <a href=\"https:\/\/www.games.thaisweiller.com\/\">muitos mais<\/a>. Tamb\u00e9m fundou, junto com Danilo Dias, a <a href=\"http:\/\/joymasher.com\">JoyMasher<\/a>, d\u00e1 aulas de design de jogos na PUCPR e faz um doutorado na Universidade de Tampere.\u00a0<a href=\"https:\/\/bsky.app\/profile\/thaisweiller.bsky.social\">Esse \u00e9 o blue sky dela<\/a>.<\/p>\n<\/div>\n\n\n\n<div class=\"wp-block-column is-layout-flow wp-block-column-is-layout-flow\"><\/div>\n<\/div>\n\n\n\n<h3 class=\"wp-block-heading\">Long<\/h3>\n\n\n\n<p class=\"wp-block-paragraph\">Thais works with videogames since 2010. It all started when she started to research game design at the\u00a0Universidade de S\u00e3o Paulo. This research granted her\u00a0M.Sc. degree and a published book on the game design framework resulting. She also\u00a0co-founded <a href=\"http:\/\/joymasher.com\">JoyMasher<\/a> along with Danilo Dias in 2012. JoyMasher released\u00a0<a href=\"http:\/\/store.steampowered.com\/app\/252010\/Oniken_Unstoppable_Edition\/\">Oniken<\/a>, <a class=\"inserted\" href=\"http:\/\/store.steampowered.com\/app\/319480\/Odallus_The_Dark_Call\/\">Odallus<\/a>, <a href=\"https:\/\/store.steampowered.com\/app\/609110\/Blazing_Chrome\/\">Blazing Chrome<\/a> and <a href=\"https:\/\/store.steampowered.com\/app\/609110\/Blazing_Chrome\/\">Vengeful Guardian: Moonrider<\/a>. Thais also worked on other game companies or as a freelancer, in titles such as\u00a0<a href=\"http:\/\/findingmonstersadventure.com\/\">Finding Monsters<\/a> and <a href=\"http:\/\/games.thaisweiller.com\">many more<\/a>. She is now researching how to create unusual experiences through play, specially when negative emotions are involved. On this subject, she released\u00a0<a href=\"https:\/\/thaisa.itch.io\/rainy-day\">Rainy Day<\/a>. Currently,\u00a0she teaches Game Design on PUCPR, is a PhD researcher at Tampere University, works at JoyMasher, unveils the bittersweetness of game design and tries to make games that matter. <a href=\"https:\/\/bsky.app\/profile\/thaisweiller.bsky.social\">This is her blue sky.<\/a><\/p>\n\n\n\n<hr class=\"wp-block-separator has-alpha-channel-opacity\"\/>\n\n\n\n<p class=\"wp-block-paragraph\">Thais Weiller trabalha com jogos desde 2010. Tudo come\u00e7ou quando ela come\u00e7ou a estudar game design na ECA-USP, que lhe rendeu o t\u00edtulo de mestre e a publica\u00e7\u00e3o de sua disserta\u00e7\u00e3o no formato de um <a href=\"https:\/\/thaisweiller.com\/writing\/\" data-type=\"page\" data-id=\"158\">livro<\/a>. Junto com Danilo Dias, ela fundou a <a href=\"http:\/\/joymasher.com\/\">JoyMasher<\/a> em 2012. A JoyMasher lan\u00e7ou\u00a0<a href=\"http:\/\/store.steampowered.com\/app\/252010\/Oniken_Unstoppable_Edition\/\">Oniken<\/a>, <a class=\"inserted\" href=\"http:\/\/store.steampowered.com\/app\/319480\/Odallus_The_Dark_Call\/\">Odallus<\/a>, <a href=\"https:\/\/store.steampowered.com\/app\/609110\/Blazing_Chrome\/\">Blazing Chrome<\/a> e <a href=\"https:\/\/store.steampowered.com\/app\/609110\/Blazing_Chrome\/\">Vengeful Guardian: Moonrider<\/a>. Thais tamb\u00e9m trabalhou em outras empresas de jogos em t\u00edtulos como\u00a0<a href=\"http:\/\/findingmonstersadventure.com\/\">Finding Monsters<\/a> e <a href=\"https:\/\/www.games.thaisweiller.com\/\">muitos outros<\/a>. Ela agora pesquisa como criar sensa\u00e7\u00f5es incomuns por meio do jogar, especialmente emo\u00e7\u00f5es negativas. Nessa toada ela lan\u00e7ou <a href=\"https:\/\/thaisa.itch.io\/rainy-day\">Rainy Day<\/a>. Atualmente, ela ensina game design na PUCPR, e faz um doutorado na Universidade de Tampere, trabalha na JoyMasher, explora o acridoce do game deisgn e tenta fazer jogos que importam.\u00a0\u00a0<a href=\"https:\/\/bsky.app\/profile\/thaisweiller.bsky.social\">Esse \u00e9 o blue sky dela<\/a>.<\/p>\n\n\n\n<h3 class=\"wp-block-heading\">Mugshots<\/h3>\n\n\n\n<figure class=\"wp-block-gallery has-nested-images columns-3 is-cropped wp-block-gallery-1 is-layout-flex wp-block-gallery-is-layout-flex\">\n<figure class=\"wp-block-image size-full\"><img loading=\"lazy\" decoding=\"async\" width=\"834\" height=\"835\" data-id=\"1862\" src=\"https:\/\/thaisweiller.com\/fun\/wp-content\/uploads\/2025\/10\/Untitled-1.jpeg\" alt=\"\" class=\"wp-image-1862\" srcset=\"https:\/\/thaisweiller.com\/fun\/wp-content\/uploads\/2025\/10\/Untitled-1.jpeg 834w, https:\/\/thaisweiller.com\/fun\/wp-content\/uploads\/2025\/10\/Untitled-1-300x300.jpeg 300w, https:\/\/thaisweiller.com\/fun\/wp-content\/uploads\/2025\/10\/Untitled-1-150x150.jpeg 150w, https:\/\/thaisweiller.com\/fun\/wp-content\/uploads\/2025\/10\/Untitled-1-768x769.jpeg 768w, https:\/\/thaisweiller.com\/fun\/wp-content\/uploads\/2025\/10\/Untitled-1-100x100.jpeg 100w\" sizes=\"auto, (max-width: 767px) 89vw, (max-width: 1000px) 54vw, (max-width: 1071px) 543px, 580px\" \/><\/figure>\n\n\n\n<figure class=\"wp-block-image size-full\"><img loading=\"lazy\" decoding=\"async\" width=\"743\" height=\"993\" data-id=\"1851\" src=\"https:\/\/thaisweiller.com\/fun\/wp-content\/uploads\/2024\/06\/IMG_20240316_093450.jpg\" alt=\"\" class=\"wp-image-1851\" srcset=\"https:\/\/thaisweiller.com\/fun\/wp-content\/uploads\/2024\/06\/IMG_20240316_093450.jpg 743w, https:\/\/thaisweiller.com\/fun\/wp-content\/uploads\/2024\/06\/IMG_20240316_093450-224x300.jpg 224w\" sizes=\"auto, (max-width: 706px) 89vw, (max-width: 767px) 82vw, 740px\" \/><\/figure>\n\n\n\n<figure class=\"wp-block-image size-large\"><img loading=\"lazy\" decoding=\"async\" width=\"1024\" height=\"1024\" data-id=\"1815\" src=\"https:\/\/thaisweiller.com\/fun\/wp-content\/uploads\/2022\/09\/224091269_10158200047482647_3359504242249201073_n-1024x1024.jpg\" alt=\"\" class=\"wp-image-1815\" srcset=\"https:\/\/thaisweiller.com\/fun\/wp-content\/uploads\/2022\/09\/224091269_10158200047482647_3359504242249201073_n-1024x1024.jpg 1024w, https:\/\/thaisweiller.com\/fun\/wp-content\/uploads\/2022\/09\/224091269_10158200047482647_3359504242249201073_n-300x300.jpg 300w, https:\/\/thaisweiller.com\/fun\/wp-content\/uploads\/2022\/09\/224091269_10158200047482647_3359504242249201073_n-150x150.jpg 150w, https:\/\/thaisweiller.com\/fun\/wp-content\/uploads\/2022\/09\/224091269_10158200047482647_3359504242249201073_n-768x768.jpg 768w, https:\/\/thaisweiller.com\/fun\/wp-content\/uploads\/2022\/09\/224091269_10158200047482647_3359504242249201073_n-100x100.jpg 100w, https:\/\/thaisweiller.com\/fun\/wp-content\/uploads\/2022\/09\/224091269_10158200047482647_3359504242249201073_n.jpg 1080w\" sizes=\"auto, (max-width: 767px) 89vw, (max-width: 1000px) 54vw, (max-width: 1071px) 543px, 580px\" \/><\/figure>\n<\/figure>\n\n\n\n<h3 class=\"wp-block-heading\">Photos<\/h3>\n\n\n\n<figure class=\"wp-block-gallery has-nested-images columns-4 is-cropped wp-block-gallery-2 is-layout-flex wp-block-gallery-is-layout-flex\">\n<figure class=\"wp-block-image size-large\"><a href=\"https:\/\/thaisweiller.com\/fun\/wp-content\/uploads\/2017\/08\/work.jpg\"><img loading=\"lazy\" decoding=\"async\" width=\"1024\" height=\"675\" data-id=\"303\" src=\"https:\/\/thaisweiller.com\/fun\/wp-content\/uploads\/2017\/08\/work-1024x675.jpg\" alt=\"\" class=\"wp-image-303\" srcset=\"https:\/\/thaisweiller.com\/fun\/wp-content\/uploads\/2017\/08\/work-1024x675.jpg 1024w, https:\/\/thaisweiller.com\/fun\/wp-content\/uploads\/2017\/08\/work-300x198.jpg 300w, https:\/\/thaisweiller.com\/fun\/wp-content\/uploads\/2017\/08\/work-768x506.jpg 768w\" sizes=\"auto, (max-width: 767px) 89vw, (max-width: 1000px) 54vw, (max-width: 1071px) 543px, 580px\" \/><\/a><\/figure>\n\n\n\n<figure class=\"wp-block-image size-large\"><a href=\"https:\/\/thaisweiller.com\/fun\/wp-content\/uploads\/2017\/08\/eu.jpg\"><img loading=\"lazy\" decoding=\"async\" width=\"682\" height=\"1024\" data-id=\"237\" src=\"https:\/\/thaisweiller.com\/fun\/wp-content\/uploads\/2017\/08\/eu-682x1024.jpg\" alt=\"\" class=\"wp-image-237\" srcset=\"https:\/\/thaisweiller.com\/fun\/wp-content\/uploads\/2017\/08\/eu-682x1024.jpg 682w, https:\/\/thaisweiller.com\/fun\/wp-content\/uploads\/2017\/08\/eu-200x300.jpg 200w, https:\/\/thaisweiller.com\/fun\/wp-content\/uploads\/2017\/08\/eu-768x1152.jpg 768w\" sizes=\"auto, (max-width: 682px) 100vw, 682px\" \/><\/a><\/figure>\n\n\n\n<figure class=\"wp-block-image size-large\"><a href=\"https:\/\/thaisweiller.com\/fun\/wp-content\/uploads\/2018\/07\/33163135001_b19f2600f4_o-e1532106171231.jpg\"><img loading=\"lazy\" decoding=\"async\" width=\"1024\" height=\"1024\" data-id=\"362\" src=\"https:\/\/thaisweiller.com\/fun\/wp-content\/uploads\/2018\/07\/33163135001_b19f2600f4_o-e1532106171231-1024x1024.jpg\" alt=\"\" class=\"wp-image-362\" srcset=\"https:\/\/thaisweiller.com\/fun\/wp-content\/uploads\/2018\/07\/33163135001_b19f2600f4_o-e1532106171231-1024x1024.jpg 1024w, https:\/\/thaisweiller.com\/fun\/wp-content\/uploads\/2018\/07\/33163135001_b19f2600f4_o-e1532106171231-150x150.jpg 150w, https:\/\/thaisweiller.com\/fun\/wp-content\/uploads\/2018\/07\/33163135001_b19f2600f4_o-e1532106171231-300x300.jpg 300w, https:\/\/thaisweiller.com\/fun\/wp-content\/uploads\/2018\/07\/33163135001_b19f2600f4_o-e1532106171231-768x768.jpg 768w, https:\/\/thaisweiller.com\/fun\/wp-content\/uploads\/2018\/07\/33163135001_b19f2600f4_o-e1532106171231-100x100.jpg 100w, https:\/\/thaisweiller.com\/fun\/wp-content\/uploads\/2018\/07\/33163135001_b19f2600f4_o-e1532106171231.jpg 1056w\" sizes=\"auto, (max-width: 767px) 89vw, (max-width: 1000px) 54vw, (max-width: 1071px) 543px, 580px\" \/><\/a><\/figure>\n\n\n\n<figure class=\"wp-block-image size-large\"><a href=\"https:\/\/thaisweiller.com\/fun\/wp-content\/uploads\/2018\/10\/bit.week_.jpg\"><img loading=\"lazy\" decoding=\"async\" width=\"1024\" height=\"683\" data-id=\"408\" src=\"https:\/\/thaisweiller.com\/fun\/wp-content\/uploads\/2018\/10\/bit.week_-1024x683.jpg\" alt=\"\" class=\"wp-image-408\" srcset=\"https:\/\/thaisweiller.com\/fun\/wp-content\/uploads\/2018\/10\/bit.week_-1024x683.jpg 1024w, https:\/\/thaisweiller.com\/fun\/wp-content\/uploads\/2018\/10\/bit.week_-300x200.jpg 300w, https:\/\/thaisweiller.com\/fun\/wp-content\/uploads\/2018\/10\/bit.week_-768x512.jpg 768w, https:\/\/thaisweiller.com\/fun\/wp-content\/uploads\/2018\/10\/bit.week_.jpg 2048w\" sizes=\"auto, (max-width: 767px) 89vw, (max-width: 1000px) 54vw, (max-width: 1071px) 543px, 580px\" \/><\/a><\/figure>\n\n\n\n<figure class=\"wp-block-image size-large\"><a href=\"https:\/\/thaisweiller.com\/fun\/wp-content\/uploads\/2018\/10\/IMG_7282.JPG.jpg\"><img loading=\"lazy\" decoding=\"async\" width=\"1024\" height=\"683\" data-id=\"407\" src=\"https:\/\/thaisweiller.com\/fun\/wp-content\/uploads\/2018\/10\/IMG_7282.JPG-1024x683.jpg\" alt=\"\" class=\"wp-image-407\" srcset=\"https:\/\/thaisweiller.com\/fun\/wp-content\/uploads\/2018\/10\/IMG_7282.JPG-1024x683.jpg 1024w, https:\/\/thaisweiller.com\/fun\/wp-content\/uploads\/2018\/10\/IMG_7282.JPG-300x200.jpg 300w, https:\/\/thaisweiller.com\/fun\/wp-content\/uploads\/2018\/10\/IMG_7282.JPG-768x512.jpg 768w\" sizes=\"auto, (max-width: 767px) 89vw, (max-width: 1000px) 54vw, (max-width: 1071px) 543px, 580px\" \/><\/a><\/figure>\n\n\n\n<figure class=\"wp-block-image size-large\"><a href=\"https:\/\/thaisweiller.com\/fun\/wp-content\/uploads\/2018\/05\/IMG_7290.JPG.jpg\"><img loading=\"lazy\" decoding=\"async\" width=\"1024\" height=\"683\" data-id=\"404\" src=\"https:\/\/thaisweiller.com\/fun\/wp-content\/uploads\/2018\/05\/IMG_7290.JPG-1024x683.jpg\" alt=\"\" class=\"wp-image-404\" srcset=\"https:\/\/thaisweiller.com\/fun\/wp-content\/uploads\/2018\/05\/IMG_7290.JPG-1024x683.jpg 1024w, https:\/\/thaisweiller.com\/fun\/wp-content\/uploads\/2018\/05\/IMG_7290.JPG-300x200.jpg 300w, https:\/\/thaisweiller.com\/fun\/wp-content\/uploads\/2018\/05\/IMG_7290.JPG-768x512.jpg 768w\" sizes=\"auto, (max-width: 767px) 89vw, (max-width: 1000px) 54vw, (max-width: 1071px) 543px, 580px\" \/><\/a><\/figure>\n\n\n\n<figure class=\"wp-block-image size-large\"><a href=\"https:\/\/thaisweiller.com\/fun\/wp-content\/uploads\/2018\/05\/Natal-2018.jpg\"><img loading=\"lazy\" decoding=\"async\" width=\"960\" height=\"720\" data-id=\"361\" src=\"https:\/\/thaisweiller.com\/fun\/wp-content\/uploads\/2018\/05\/Natal-2018.jpg\" alt=\"\" class=\"wp-image-361\" srcset=\"https:\/\/thaisweiller.com\/fun\/wp-content\/uploads\/2018\/05\/Natal-2018.jpg 960w, https:\/\/thaisweiller.com\/fun\/wp-content\/uploads\/2018\/05\/Natal-2018-300x225.jpg 300w, https:\/\/thaisweiller.com\/fun\/wp-content\/uploads\/2018\/05\/Natal-2018-768x576.jpg 768w\" sizes=\"auto, (max-width: 767px) 89vw, (max-width: 1000px) 54vw, (max-width: 1071px) 543px, 580px\" \/><\/a><\/figure>\n\n\n\n<figure class=\"wp-block-image size-large\"><a href=\"https:\/\/thaisweiller.com\/fun\/wp-content\/uploads\/2017\/08\/18451475_1355088054577752_6840302426923829002_o.jpg\"><img loading=\"lazy\" decoding=\"async\" width=\"1024\" height=\"683\" data-id=\"258\" src=\"https:\/\/thaisweiller.com\/fun\/wp-content\/uploads\/2017\/08\/18451475_1355088054577752_6840302426923829002_o-1024x683.jpg\" alt=\"\" class=\"wp-image-258\" srcset=\"https:\/\/thaisweiller.com\/fun\/wp-content\/uploads\/2017\/08\/18451475_1355088054577752_6840302426923829002_o-1024x683.jpg 1024w, https:\/\/thaisweiller.com\/fun\/wp-content\/uploads\/2017\/08\/18451475_1355088054577752_6840302426923829002_o-300x200.jpg 300w, https:\/\/thaisweiller.com\/fun\/wp-content\/uploads\/2017\/08\/18451475_1355088054577752_6840302426923829002_o-768x512.jpg 768w, https:\/\/thaisweiller.com\/fun\/wp-content\/uploads\/2017\/08\/18451475_1355088054577752_6840302426923829002_o.jpg 1500w\" sizes=\"auto, (max-width: 767px) 89vw, (max-width: 1000px) 54vw, (max-width: 1071px) 543px, 580px\" \/><\/a><\/figure>\n<\/figure>\n","protected":false},"excerpt":{"rendered":"<p>Short Thais co-founded JoyMasher along with Danilo Dias, worked on Odallus, Rainy Day, Vengeful Guardian: Moonrider, and many more and holds a M.Sc. degree on Game Design from Universidade de S\u00e3o Paulo. She teaches Game Design at PUCPR, is a PhD researcher at Tampere University and tries to make games that matter. This is her &hellip; <\/p>\n<p class=\"link-more\"><a href=\"https:\/\/thaisweiller.com\/fun\/bio\/\" class=\"more-link\">Continue reading<span class=\"screen-reader-text\"> &#8220;Bio &#038; Photos&#8221;<\/span><\/a><\/p>\n","protected":false},"author":1,"featured_media":0,"parent":0,"menu_order":0,"comment_status":"closed","ping_status":"closed","template":"","meta":{"_crdt_document":"","footnotes":""},"class_list":["post-283","page","type-page","status-publish","hentry"],"_links":{"self":[{"href":"https:\/\/thaisweiller.com\/fun\/wp-json\/wp\/v2\/pages\/283","targetHints":{"allow":["GET"]}}],"collection":[{"href":"https:\/\/thaisweiller.com\/fun\/wp-json\/wp\/v2\/pages"}],"about":[{"href":"https:\/\/thaisweiller.com\/fun\/wp-json\/wp\/v2\/types\/page"}],"author":[{"embeddable":true,"href":"https:\/\/thaisweiller.com\/fun\/wp-json\/wp\/v2\/users\/1"}],"replies":[{"embeddable":true,"href":"https:\/\/thaisweiller.com\/fun\/wp-json\/wp\/v2\/comments?post=283"}],"version-history":[{"count":17,"href":"https:\/\/thaisweiller.com\/fun\/wp-json\/wp\/v2\/pages\/283\/revisions"}],"predecessor-version":[{"id":1863,"href":"https:\/\/thaisweiller.com\/fun\/wp-json\/wp\/v2\/pages\/283\/revisions\/1863"}],"wp:attachment":[{"href":"https:\/\/thaisweiller.com\/fun\/wp-json\/wp\/v2\/media?parent=283"}],"curies":[{"name":"wp","href":"https:\/\/api.w.org\/{rel}","templated":true}]}}